{"id":521,"date":"2026-03-30T18:10:48","date_gmt":"2026-03-30T16:10:48","guid":{"rendered":"https:\/\/mikesapartments.de\/apartments\/"},"modified":"2026-04-06T17:28:32","modified_gmt":"2026-04-06T15:28:32","slug":"apartments","status":"publish","type":"page","link":"https:\/\/mikesapartments.de\/en\/apartments\/","title":{"rendered":"Apartments"},"content":{"rendered":"<div class=\"et_pb_section_0 et_pb_section et_section_regular et_flex_section\" id=\"intro\">\n<div class=\"et_pb_row_0 et_pb_row et_flex_row preset--module--divi-row--default\"><span class=\"et-pb-background-video\"><\/span>\n<div class=\"et_pb_column_0 et_pb_column et-last-child et_flex_column et_pb_css_mix_blend_mode_passthrough et_flex_column_24_24 et_flex_column_24_24_tablet et_flex_column_24_24_phone et_flex_column_24_24_widescreen\">\n<div class=\"et_pb_row_1 et_pb_row et_pb_row_nested et_flex_row preset--module--divi-row--default\">\n<div class=\"et_pb_column_1 et_pb_column et-last-child et_flex_column et_pb_css_mix_blend_mode_passthrough et_flex_column_24_24 et_flex_column_24_24_tablet et_flex_column_24_24_phone et_flex_column_24_24_widescreen\">\n<div class=\"et_pb_heading_0 et_pb_heading et_pb_module et_flex_module\"><div class=\"et_pb_heading_container\"><h1 class=\"et_pb_module_header\">Our apartments in Munich<\/h1><\/div><\/div>\n<\/div>\n<\/div>\n<\/div>\n<\/div>\n<\/div>\n\n<div class=\"et_pb_section_1 et_pb_section et_section_regular et_flex_section\" id=\"unsere-apartments\">\n<div class=\"et_pb_row_2 et_pb_row et_flex_row preset--module--divi-row--default\">\n<div class=\"et_pb_column_2 et_pb_column et-last-child et_grid_column et_pb_css_mix_blend_mode_passthrough et_flex_column_24_24 et_flex_column_24_24_tablet et_flex_column_24_24_phone et_flex_column_24_24_widescreen\"><div class=\"et_pb_row_3 et_pb_row et_pb_row_nested et_flex_row preset--module--divi-row--default\" data-loop-item=\"0\">\n<div class=\"et_pb_column_3 et_pb_column et_flex_column et_pb_css_mix_blend_mode_passthrough et_flex_column_12_24 et_flex_column_12_24_tablet et_flex_column_24_24_phone et_flex_column_12_24_widescreen\">\n<div class=\"et_pb_image_0 et_pb_image et_pb_module et_flex_module\"><span class=\"et_pb_image_wrap\"><img loading=\"lazy\" decoding=\"async\" src=\"https:\/\/mikesapartments.de\/wp-content\/uploads\/2026\/03\/apartment-mit-balkon-terrasse-fuer-2-personen-01-1536x1152.webp\" title=\"apartment-mit-balkon-terrasse-fuer-2-personen-01\" width=\"1536\" height=\"1152\" srcset=\"https:\/\/mikesapartments.de\/wp-content\/uploads\/2026\/03\/apartment-mit-balkon-terrasse-fuer-2-personen-01-1536x1152.webp 1536w, https:\/\/mikesapartments.de\/wp-content\/uploads\/2026\/03\/apartment-mit-balkon-terrasse-fuer-2-personen-01-1280x960.webp 1280w, https:\/\/mikesapartments.de\/wp-content\/uploads\/2026\/03\/apartment-mit-balkon-terrasse-fuer-2-personen-01-980x735.webp 980w, https:\/\/mikesapartments.de\/wp-content\/uploads\/2026\/03\/apartment-mit-balkon-terrasse-fuer-2-personen-01-480x360.webp 480w\" sizes=\"(min-width: 0px) and (max-width: 480px) 480px, (min-width: 481px) and (max-width: 980px) 980px, (min-width: 981px) and (max-width: 1280px) 1280px, (min-width: 1281px) 1536px, 100vw\" class=\"wp-image-83\" \/><\/span><\/div>\n<\/div>\n\n<div class=\"et_pb_column_4 et_pb_column et-last-child et_flex_column et_pb_css_mix_blend_mode_passthrough et_flex_column_12_24 et_flex_column_12_24_tablet et_flex_column_24_24_phone et_flex_column_12_24_widescreen\">\n<div class=\"et_pb_text_0 et_pb_text et_pb_bg_layout_light et_pb_module et_flex_module\"><div class=\"et_pb_text_inner\"><h2>Double apartment with a balcony<\/h2>\n<\/div><\/div>\n\n<div class=\"et_pb_text_1 et_pb_text et_pb_bg_layout_light et_pb_module et_flex_module\"><div class=\"et_pb_text_inner\"><p>The apartment, which sleeps up to two people, has its own balcony or terrace and features an open-plan layout. A fully equipped kitchen is just as much a part of modern amenities as a stylish shower room and a wardrobe with a safe. With a dining table, a TV and free Wi-Fi, you\u2019ll have everything you need in our apartment.<\/p>\n<\/div><\/div>\n\n\n\n<div class=\"et_pb_module et_pb_button_module_wrapper et_pb_button_0_wrapper preset--module--divi-button--7lkt5vrgew_wrapper\"><a class=\"et_pb_button_0 et_pb_button et_pb_bg_layout_light et_pb_module et_flex_module preset--module--divi-button--7lkt5vrgew\" href=\"https:\/\/mikesapartments.de\/en\/apartment\/double-apartment-with-a-balcony\/\">To the apartment<\/a><\/div>\n<\/div>\n<\/div><div class=\"et_pb_row_4 et_pb_row et_pb_row_nested et_flex_row preset--module--divi-row--default\" data-loop-item=\"1\">\n<div class=\"et_pb_column_5 et_pb_column et_flex_column et_pb_css_mix_blend_mode_passthrough et_flex_column_12_24 et_flex_column_12_24_tablet et_flex_column_24_24_phone et_flex_column_12_24_widescreen\">\n<div class=\"et_pb_image_11 et_pb_image et_pb_module et_flex_module\"><span class=\"et_pb_image_wrap\"><img loading=\"lazy\" decoding=\"async\" src=\"https:\/\/mikesapartments.de\/wp-content\/uploads\/2026\/03\/apartment-fuer-bis-zu-4-personen-01-1536x1152.webp\" title=\"apartment-fuer-bis-zu-4-personen-01\" width=\"1536\" height=\"1152\" srcset=\"https:\/\/mikesapartments.de\/wp-content\/uploads\/2026\/03\/apartment-fuer-bis-zu-4-personen-01-1536x1152.webp 1536w, https:\/\/mikesapartments.de\/wp-content\/uploads\/2026\/03\/apartment-fuer-bis-zu-4-personen-01-1280x960.webp 1280w, https:\/\/mikesapartments.de\/wp-content\/uploads\/2026\/03\/apartment-fuer-bis-zu-4-personen-01-980x735.webp 980w, https:\/\/mikesapartments.de\/wp-content\/uploads\/2026\/03\/apartment-fuer-bis-zu-4-personen-01-480x360.webp 480w\" sizes=\"(min-width: 0px) and (max-width: 480px) 480px, (min-width: 481px) and (max-width: 980px) 980px, (min-width: 981px) and (max-width: 1280px) 1280px, (min-width: 1281px) 1536px, 100vw\" class=\"wp-image-200\" \/><\/span><\/div>\n<\/div>\n\n<div class=\"et_pb_column_6 et_pb_column et-last-child et_flex_column et_pb_css_mix_blend_mode_passthrough et_flex_column_12_24 et_flex_column_12_24_tablet et_flex_column_24_24_phone et_flex_column_12_24_widescreen\">\n<div class=\"et_pb_text_12 et_pb_text et_pb_bg_layout_light et_pb_module et_flex_module\"><div class=\"et_pb_text_inner\"><h2>Family &amp; Friends Apartment without a balcony<\/h2>\n<\/div><\/div>\n\n<div class=\"et_pb_text_13 et_pb_text et_pb_bg_layout_light et_pb_module et_flex_module\"><div class=\"et_pb_text_inner\"><p>Das Apartment f\u00fcr bis zu 4 Personen (Doppelbett\/Schlafcouch) ist f\u00fcr Familien und Freunde ideal. Das Doppelbett ist mit Schiebet\u00fcren und einem eigenen Bereich vom \u00fcbrigen Apartment getrennt. A fully equipped kitchen is just as much a part of modern amenities as a stylish shower room and a wardrobe with a safe. With a dining table, a TV and free Wi-Fi, you\u2019ll have everything you need in our apartment.<\/p>\n<\/div><\/div>\n\n\n\n<div class=\"et_pb_module et_pb_button_module_wrapper et_pb_button_1_wrapper preset--module--divi-button--7lkt5vrgew_wrapper\"><a class=\"et_pb_button_1 et_pb_button et_pb_bg_layout_light et_pb_module et_flex_module preset--module--divi-button--7lkt5vrgew\" href=\"https:\/\/mikesapartments.de\/en\/apartment\/family-friends-apartment-without-a-balcony\/\">To the apartment<\/a><\/div>\n<\/div>\n<\/div><div class=\"et_pb_row_5 et_pb_row et_pb_row_nested et_flex_row preset--module--divi-row--default\" data-loop-item=\"2\">\n<div class=\"et_pb_column_7 et_pb_column et_flex_column et_pb_css_mix_blend_mode_passthrough et_flex_column_12_24 et_flex_column_12_24_tablet et_flex_column_24_24_phone et_flex_column_12_24_widescreen\">\n<div class=\"et_pb_image_22 et_pb_image et_pb_module et_flex_module\"><span class=\"et_pb_image_wrap\"><img loading=\"lazy\" decoding=\"async\" src=\"https:\/\/mikesapartments.de\/wp-content\/uploads\/2026\/03\/apartment-mit-balkon-fuer-bis-zu-4-personen-01-1536x1152.webp\" title=\"apartment-mit-balkon-fuer-bis-zu-4-personen-01\" width=\"1536\" height=\"1152\" srcset=\"https:\/\/mikesapartments.de\/wp-content\/uploads\/2026\/03\/apartment-mit-balkon-fuer-bis-zu-4-personen-01-1536x1152.webp 1536w, https:\/\/mikesapartments.de\/wp-content\/uploads\/2026\/03\/apartment-mit-balkon-fuer-bis-zu-4-personen-01-1280x960.webp 1280w, https:\/\/mikesapartments.de\/wp-content\/uploads\/2026\/03\/apartment-mit-balkon-fuer-bis-zu-4-personen-01-980x735.webp 980w, https:\/\/mikesapartments.de\/wp-content\/uploads\/2026\/03\/apartment-mit-balkon-fuer-bis-zu-4-personen-01-480x360.webp 480w\" sizes=\"(min-width: 0px) and (max-width: 480px) 480px, (min-width: 481px) and (max-width: 980px) 980px, (min-width: 981px) and (max-width: 1280px) 1280px, (min-width: 1281px) 1536px, 100vw\" class=\"wp-image-213\" \/><\/span><\/div>\n<\/div>\n\n<div class=\"et_pb_column_8 et_pb_column et-last-child et_flex_column et_pb_css_mix_blend_mode_passthrough et_flex_column_12_24 et_flex_column_12_24_tablet et_flex_column_24_24_phone et_flex_column_12_24_widescreen\">\n<div class=\"et_pb_text_24 et_pb_text et_pb_bg_layout_light et_pb_module et_flex_module\"><div class=\"et_pb_text_inner\"><h2>Family &amp; Friends Apartment with Balcony<\/h2>\n<\/div><\/div>\n\n<div class=\"et_pb_text_25 et_pb_text et_pb_bg_layout_light et_pb_module et_flex_module\"><div class=\"et_pb_text_inner\"><p>The apartment, which sleeps up to four people (double bed\/sofa bed), is ideal for families and friends. The double bed is in a separate bedroom and is therefore separate from the rest of the apartment. The apartment also has a balcony. A fully equipped kitchen is just as much a part of modern amenities as a stylish shower room and a wardrobe with a safe. With a dining table, a TV and free Wi-Fi, you\u2019ll have everything you need in our apartment.<\/p>\n<\/div><\/div>\n\n\n\n<div class=\"et_pb_module et_pb_button_module_wrapper et_pb_button_2_wrapper preset--module--divi-button--7lkt5vrgew_wrapper\"><a class=\"et_pb_button_2 et_pb_button et_pb_bg_layout_light et_pb_module et_flex_module preset--module--divi-button--7lkt5vrgew\" href=\"https:\/\/mikesapartments.de\/en\/apartment\/family-friends-apartment-with-balcony\/\">To the apartment<\/a><\/div>\n<\/div>\n<\/div><div class=\"et_pb_row_6 et_pb_row et_pb_row_nested et_flex_row preset--module--divi-row--default\" data-loop-item=\"3\">\n<div class=\"et_pb_column_9 et_pb_column et_flex_column et_pb_css_mix_blend_mode_passthrough et_flex_column_12_24 et_flex_column_12_24_tablet et_flex_column_24_24_phone et_flex_column_12_24_widescreen\">\n<div class=\"et_pb_image_33 et_pb_image et_pb_module et_flex_module\"><span class=\"et_pb_image_wrap\"><img loading=\"lazy\" decoding=\"async\" src=\"https:\/\/mikesapartments.de\/wp-content\/uploads\/2026\/03\/dachterrassen-apartment-fuer-bis-zu-4-personen-10-1536x1152.webp\" title=\"dachterrassen-apartment-fuer-bis-zu-4-personen-10\" width=\"1536\" height=\"1152\" srcset=\"https:\/\/mikesapartments.de\/wp-content\/uploads\/2026\/03\/dachterrassen-apartment-fuer-bis-zu-4-personen-10-1536x1152.webp 1536w, https:\/\/mikesapartments.de\/wp-content\/uploads\/2026\/03\/dachterrassen-apartment-fuer-bis-zu-4-personen-10-1280x960.webp 1280w, https:\/\/mikesapartments.de\/wp-content\/uploads\/2026\/03\/dachterrassen-apartment-fuer-bis-zu-4-personen-10-980x735.webp 980w, https:\/\/mikesapartments.de\/wp-content\/uploads\/2026\/03\/dachterrassen-apartment-fuer-bis-zu-4-personen-10-480x360.webp 480w\" sizes=\"(min-width: 0px) and (max-width: 480px) 480px, (min-width: 481px) and (max-width: 980px) 980px, (min-width: 981px) and (max-width: 1280px) 1280px, (min-width: 1281px) 1536px, 100vw\" class=\"wp-image-238\" \/><\/span><\/div>\n<\/div>\n\n<div class=\"et_pb_column_10 et_pb_column et-last-child et_flex_column et_pb_css_mix_blend_mode_passthrough et_flex_column_12_24 et_flex_column_12_24_tablet et_flex_column_24_24_phone et_flex_column_12_24_widescreen\">\n<div class=\"et_pb_text_36 et_pb_text et_pb_bg_layout_light et_pb_module et_flex_module\"><div class=\"et_pb_text_inner\"><h2>Apartment Rooftop<\/h2>\n<\/div><\/div>\n\n<div class=\"et_pb_text_37 et_pb_text et_pb_bg_layout_light et_pb_module et_flex_module\"><div class=\"et_pb_text_inner\"><p>The most exclusive apartment in the building, accommodating up to four people (double bed\/sofa bed), is ideal for families and friends. The double bed is separated from the rest of the apartment by sliding doors and has its own private area. The roof terrace offers stunning views and is perfect for relaxing in the sun. A fully equipped kitchen is just as much a part of the modern amenities as a stylish shower room and a wardrobe with a safe.A dining table, a TV and free Wi-Fi ensure that you\u2019ll want for nothing in our apartment.<\/p>\n<\/div><\/div>\n\n\n\n<div class=\"et_pb_module et_pb_button_module_wrapper et_pb_button_3_wrapper preset--module--divi-button--7lkt5vrgew_wrapper\"><a class=\"et_pb_button_3 et_pb_button et_pb_bg_layout_light et_pb_module et_flex_module preset--module--divi-button--7lkt5vrgew\" href=\"https:\/\/mikesapartments.de\/en\/apartment\/apartment-rooftop\/\">To the apartment<\/a><\/div>\n<\/div>\n<\/div><\/div>\n<\/div>\n<\/div>\n\n<div class=\"et_pb_section_2 et_pb_section et_section_regular et_flex_section\" id=\"digital-checkin\">\n<div class=\"et_pb_row_7 et_pb_row et_flex_row preset--module--divi-row--default\">\n<div class=\"et_pb_column_11 et_pb_column et_flex_column et_pb_css_mix_blend_mode_passthrough et_flex_column_12_24 et_flex_column_24_24_tablet et_flex_column_24_24_phone et_flex_column_12_24_widescreen\">\n<div class=\"et_pb_text_48 et_pb_text et_pb_bg_layout_light et_pb_module et_flex_module\"><div class=\"et_pb_text_inner\"><h2>Your digital check-in<\/h2>\n<\/div><\/div>\n\n<div class=\"et_pb_group_4 et_pb_group et-last-child et_pb_module et_flex_group et_pb_css_mix_blend_mode_passthrough\">\n<div class=\"et_pb_group_5 et_pb_group et_pb_module et_flex_group et_pb_css_mix_blend_mode_passthrough\">\n<div class=\"et_pb_image_44 et_pb_image et_pb_module et_flex_module\"><span class=\"et_pb_image_wrap\"><img decoding=\"async\" src=\"\/wp-content\/themes\/divi-child\/img\/icon-round.svg\" \/><\/span><\/div>\n\n<div class=\"et_pb_text_49 et_pb_text et_pb_bg_layout_light et_pb_module et_flex_module\"><div class=\"et_pb_text_inner\"><p>Immediately after your booking has been successfully completed, you will receive a booking confirmation via the relevant booking portal.<\/p>\n<\/div><\/div>\n<\/div>\n\n<div class=\"et_pb_group_6 et_pb_group et_pb_module et_flex_group et_pb_css_mix_blend_mode_passthrough\">\n<div class=\"et_pb_image_45 et_pb_image et_pb_module et_flex_module\"><span class=\"et_pb_image_wrap\"><img decoding=\"async\" src=\"\/wp-content\/themes\/divi-child\/img\/icon-round.svg\" \/><\/span><\/div>\n\n<div class=\"et_pb_text_50 et_pb_text et_pb_bg_layout_light et_pb_module et_flex_module\"><div class=\"et_pb_text_inner\"><p>Before you arrive, you will be asked to complete the registration form online. A link to the form will be provided via the booking portal and\/or by email. <\/p>\n<\/div><\/div>\n<\/div>\n\n<div class=\"et_pb_group_7 et_pb_group et_pb_module et_flex_group et_pb_css_mix_blend_mode_passthrough\">\n<div class=\"et_pb_image_46 et_pb_image et_pb_module et_flex_module\"><span class=\"et_pb_image_wrap\"><img decoding=\"async\" src=\"\/wp-content\/themes\/divi-child\/img\/icon-round.svg\" \/><\/span><\/div>\n\n<div class=\"et_pb_text_51 et_pb_text et_pb_bg_layout_light et_pb_module et_flex_module\"><div class=\"et_pb_text_inner\"><p>Before you arrive, you will be asked to complete the registration form online. A link to the form will be provided via the booking portal and\/or by email.  <\/p>\n<\/div><\/div>\n<\/div>\n\n<div class=\"et_pb_group_8 et_pb_group et_pb_module et_flex_group et_pb_css_mix_blend_mode_passthrough\">\n<div class=\"et_pb_image_47 et_pb_image et_pb_module et_flex_module\"><span class=\"et_pb_image_wrap\"><img decoding=\"async\" src=\"\/wp-content\/themes\/divi-child\/img\/icon-round.svg\" \/><\/span><\/div>\n\n<div class=\"et_pb_text_52 et_pb_text et_pb_bg_layout_light et_pb_module et_flex_module\"><div class=\"et_pb_text_inner\"><p>You can access your apartment on site either using your mobile phone or a room key you have created yourself.<\/p>\n<\/div><\/div>\n<\/div>\n\n<div class=\"et_pb_group_9 et_pb_group et-last-child et_pb_module et_flex_group et_pb_css_mix_blend_mode_passthrough\">\n<div class=\"et_pb_image_48 et_pb_image et_pb_module et_flex_module\"><span class=\"et_pb_image_wrap\"><img decoding=\"async\" src=\"\/wp-content\/themes\/divi-child\/img\/icon-round.svg\" \/><\/span><\/div>\n\n<div class=\"et_pb_text_53 et_pb_text et_pb_bg_layout_light et_pb_module et_flex_module\"><div class=\"et_pb_text_inner\"><p>If you have any questions, we are available in person throughout your stay.<\/p>\n<\/div><\/div>\n<\/div>\n<\/div>\n<\/div>\n\n<div class=\"et_pb_column_12 et_pb_column et-last-child et_flex_column et_pb_css_mix_blend_mode_passthrough et_flex_column_12_24 et_flex_column_24_24_tablet et_flex_column_24_24_phone et_flex_column_12_24_widescreen\">\n<div class=\"et_pb_row_8 et_pb_row et_pb_row_nested et_flex_row bilder-row preset--module--divi-row--default\">\n<div class=\"et_pb_column_13 et_pb_column et_flex_column et_pb_css_mix_blend_mode_passthrough et_flex_column_11_24 et_flex_column_2_5_tablet et_flex_column_24_24_phone et_flex_column_11_24_widescreen\">\n<div class=\"et_pb_row_9 et_pb_row et-vb-row--no-module et_pb_row_nested et_flex_row preset--module--divi-row--default\">\n<div class=\"et_pb_column_14 et_pb_column et_flex_column et_pb_column_empty et_pb_css_mix_blend_mode_passthrough et_flex_column_24_24 et_flex_column_24_24_tablet et_flex_column_24_24_phone et_flex_column_24_24_widescreen\"><\/div>\n\n<div class=\"et_pb_column_15 et_pb_column et-last-child et_flex_column et_pb_column_empty et_pb_css_mix_blend_mode_passthrough et_flex_column_24_24 et_flex_column_24_24_tablet et_flex_column_24_24_phone et_flex_column_24_24_widescreen\"><\/div>\n<\/div>\n<\/div>\n\n<div class=\"et_pb_column_16 et_pb_column et-last-child et_flex_column et_pb_column_empty et_pb_css_mix_blend_mode_passthrough et_flex_column_13_24 et_flex_column_3_5_tablet et_flex_column_24_24_phone et_flex_column_13_24_widescreen\"><\/div>\n<\/div>\n<\/div>\n<\/div>\n<\/div>\n\n<div class=\"et_pb_section_3 et_pb_section et_section_regular et_flex_section\" id=\"location\">\n<div class=\"et_pb_row_10 et_pb_row et_flex_row preset--module--divi-row--default\">\n<div class=\"et_pb_column_17 et_pb_column et_flex_column et_pb_css_mix_blend_mode_passthrough et_clickable et_flex_column_3_5 et_flex_column_24_24_tablet et_flex_column_24_24_phone et_flex_column_3_5_widescreen karte\">\n<div class=\"et_pb_module et_pb_button_module_wrapper et_pb_button_4_wrapper\"><a class=\"et_pb_button_4 et_pb_button et_pb_bg_layout_light et_pb_module et_flex_module\" href=\"https:\/\/www.google.de\/maps\/dir\/\/Mikes+Apartments+Munich,+Dachauer+Str.+310,+80993+M%C3%BCnchen\/@48.1839208,11.5069852,17z\/data=!4m20!1m10!3m9!1s0x479e77c0fc52ef7b:0x640b636a5025f211!2sMikes+Apartments+Munich!5m2!4m1!1i2!8m2!3d48.1839208!4d11.5069852!16s%2Fg%2F11wnp2r__n!4m8!1m0!1m5!1m1!1s0x479e77c0fc52ef7b:0x640b636a5025f211!2m2!1d11.5069852!2d48.1839208!3e1?entry=ttu&#038;g_ep=EgoyMDI2MDMxOC4xIKXMDSoASAFQAw%3D%3D\" target=\"_blank\">Plan a route<\/a><\/div>\n<\/div>\n\n<div class=\"et_pb_column_18 et_pb_column et-last-child et_flex_column et_pb_css_mix_blend_mode_passthrough et_flex_column_2_5 et_flex_column_24_24_tablet et_flex_column_24_24_phone et_flex_column_2_5_widescreen daten\">\n<div class=\"et_pb_text_54 et_pb_text et_pb_bg_layout_light et_pb_module et_flex_module\"><div class=\"et_pb_text_inner\"><h2>Mike\u2019s Apartments<\/h2>\n<\/div><\/div>\n\n<div class=\"et_pb_blurb_0 et_pb_blurb et_pb_bg_layout_light et_pb_blurb_position_top et_pb_module et_flex_module\"><div class=\"et_pb_blurb_content et_flex_module\"><div class=\"et_pb_main_blurb_image\"><span class=\"et_pb_image_wrap et_pb_only_image_mode_wrap\"><img decoding=\"async\" src=\"\/wp-content\/themes\/divi-child\/img\/icon-pin.svg\" class=\"et_animated\" \/><\/span><\/div><div class=\"et_pb_blurb_container\"><div class=\"et_pb_blurb_description\"><p>Dachauer Str. 310,<br \/>\n80993 Munich<br \/>\nGermany<\/p>\n<\/div><\/div><\/div><\/div>\n\n<div class=\"et_pb_blurb_1 et_pb_blurb et_pb_bg_layout_light et_pb_blurb_position_top et_pb_module et_flex_module\"><div class=\"et_pb_blurb_content et_flex_module\"><div class=\"et_pb_main_blurb_image\"><span class=\"et_pb_image_wrap et_pb_only_image_mode_wrap\"><img decoding=\"async\" src=\"\/wp-content\/themes\/divi-child\/img\/icon-metro.svg\" class=\"et_animated\" \/><\/span><\/div><div class=\"et_pb_blurb_container\"><h4 class=\"et_pb_module_header\">Metro and train<\/h4><div class=\"et_pb_blurb_description\"><p>550 metres' walk from the Moosach stop<\/p>\n<\/div><\/div><\/div><\/div>\n\n<div class=\"et_pb_blurb_2 et_pb_blurb et_pb_bg_layout_light et_pb_blurb_position_top et_pb_module et_flex_module\"><div class=\"et_pb_blurb_content et_flex_module\"><div class=\"et_pb_main_blurb_image\"><span class=\"et_pb_image_wrap et_pb_only_image_mode_wrap\"><img decoding=\"async\" src=\"\/wp-content\/themes\/divi-child\/img\/icon-map.svg\" class=\"et_animated\" \/><\/span><\/div><div class=\"et_pb_blurb_container\"><h4 class=\"et_pb_module_header\">Excellent transport links<\/h4><div class=\"et_pb_blurb_description\"><p>There is a bus stop called \"Gr\u00f6benzeller Stra\u00dfe\" right outside the building (routes: 176\/710). These routes take you either to Dachau or to Moosach station.<br \/>\nMoosach station is also just a 5-minute walk away.<br \/>\nFrom there, the U3 underground and the S-Bahn (S1) run to the city centre (25 mins) or directly to the airport (28 mins).<\/p>\n<\/div><\/div><\/div><\/div>\n<\/div>\n<\/div>\n<\/div>","protected":false},"excerpt":{"rendered":"","protected":false},"author":1,"featured_media":0,"parent":0,"menu_order":0,"comment_status":"closed","ping_status":"closed","template":"","meta":{"_acf_changed":false,"footnotes":""},"class_list":["post-521","page","type-page","status-publish","hentry"],"acf":[],"_links":{"self":[{"href":"https:\/\/mikesapartments.de\/en\/wp-json\/wp\/v2\/pages\/521","targetHints":{"allow":["GET"]}}],"collection":[{"href":"https:\/\/mikesapartments.de\/en\/wp-json\/wp\/v2\/pages"}],"about":[{"href":"https:\/\/mikesapartments.de\/en\/wp-json\/wp\/v2\/types\/page"}],"author":[{"embeddable":true,"href":"https:\/\/mikesapartments.de\/en\/wp-json\/wp\/v2\/users\/1"}],"replies":[{"embeddable":true,"href":"https:\/\/mikesapartments.de\/en\/wp-json\/wp\/v2\/comments?post=521"}],"version-history":[{"count":1,"href":"https:\/\/mikesapartments.de\/en\/wp-json\/wp\/v2\/pages\/521\/revisions"}],"predecessor-version":[{"id":522,"href":"https:\/\/mikesapartments.de\/en\/wp-json\/wp\/v2\/pages\/521\/revisions\/522"}],"wp:attachment":[{"href":"https:\/\/mikesapartments.de\/en\/wp-json\/wp\/v2\/media?parent=521"}],"curies":[{"name":"wp","href":"https:\/\/api.w.org\/{rel}","templated":true}]}}